{"id":47,"date":"2019-12-21T14:57:07","date_gmt":"2019-12-21T14:57:07","guid":{"rendered":"https:\/\/esef.uit.ac.ma\/?page_id=47"},"modified":"2020-04-17T12:48:44","modified_gmt":"2020-04-17T12:48:44","slug":"reglement-interieure-de-lecole","status":"publish","type":"page","link":"https:\/\/esef.uit.ac.ma\/?page_id=47","title":{"rendered":"R\u00e8gles de fonctionnement"},"content":{"rendered":"<p style=\"text-align: center;\"><strong>L\u2019\u00e9cole sup\u00e9rieur de l\u2019\u00e9ducation et de formation (ESEF) offre un cycle de formation d\u2019une licence en \u00e9ducation comprenant un ensemble coh\u00e9rent de modules ayant pour objectif de faire acqu\u00e9rir \u00e0 l\u2019\u00e9tudiant des connaissances, des aptitudes et des comp\u00e9tences adapt\u00e9es. La fili\u00e8re licence en \u00e9ducation s\u2019inscrit dans un cycle de six semestres organis\u00e9s en trois ann\u00e9es universitaires, dont l\u2019objectif est de former des laur\u00e9ats dans les sp\u00e9cialit\u00e9s suivantes : Physique chimie, Science de la vie et de terre, Math\u00e9matique, \u00c9tudes anglaises, \u00c9tudes fran\u00e7aises, \u00c9tudes arabes, \u00c9tudes islamiques, Philosophie, Histoire G\u00e9ographie et enseignement primaire.<\/strong><\/p>\n<p style=\"text-align: center;\"><strong>Afin de garantir l\u2019efficacit\u00e9 de ce cursus, les \u00e9tudiants sont amen\u00e9s \u00e0 respecter le r\u00e8glement int\u00e9rieur de l\u2019\u00e9cole.<\/strong><\/p>\n<p><strong><span style=\"color: #0000ff;\">Article 1. Les conditions d\u2019acc\u00e8s aux fili\u00e8res de licence en \u00e9ducation<\/span><\/strong><\/p>\n<p>L\u2019acc\u00e8s au premier semestre (S1) est ouvert aux \u00e9tudiants ayant moins de 21 ans et titulaires d\u2019un baccalaur\u00e9at ou d\u2019un dipl\u00f4me reconnu \u00e9quivalent dans les sp\u00e9cialit\u00e9s requises dans le descriptif de la fili\u00e8re. La s\u00e9lection des candidats se fait sur la base des r\u00e9sultats obtenus au baccalaur\u00e9at suivi d\u2019un concours \u00e9crit (75%) et oral (25%) pour les fili\u00e8res secondaires. Pour l\u2019enseignement primaire, La s\u00e9lection des candidats se fait sur la base des r\u00e9sultats obtenus au baccalaur\u00e9at, plus concours oral.<\/p>\n<div>\n<p><span style=\"color: #0000ff;\"><strong>Article 2.<\/strong> <strong>Inscription et r\u00e9inscription<\/strong><\/span><\/p>\n<p>La r\u00e9inscription des \u00e9tudiants dans le semestre suivant est soumise aux conditions suivantes.<\/p>\n<ul>\n<li>La pr\u00e9sence au cours, travaux dirig\u00e9s, travaux pratiques, visites, contr\u00f4les de connaissances et examens.<\/li>\n<li>La pr\u00e9sence et l\u2019assiduit\u00e9 aux op\u00e9rations d\u2019\u00e9valuation \u00e9tant obligatoires,<\/li>\n<li>La r\u00e9inscription \u00e0 un module non valid\u00e9 n\u2019est autoris\u00e9e qu\u2019une seule fois.<\/li>\n<li>L\u2019inscription en S5 peut \u00eatre accord\u00e9e par une d\u00e9rogation pour un maximum de deux (02) modules non valid\u00e9s par ann\u00e9e sur proposition du jury de passage.<\/li>\n<li>Tout \u00e9tudiant inscrit \u00e0 l\u2019ESEFK n\u2019a pas le droit de s\u2019inscrire dans un autre \u00e9tablissement m\u00eame s\u2019il est titulaire d\u2019un autre baccalaur\u00e9at.<\/li>\n<\/ul>\n<p><strong><span style=\"color: #0000ff;\">Article 3.<a style=\"color: #0000ff;\" name=\"_TOC_250010\"><\/a> &nbsp;Module et \u00e9valuation<\/span> <\/strong><\/p>\n<p>Le module est l\u2019unit\u00e9 fondamentale du syst\u00e8me de formation constitu\u00e9 de un ou deux \u00e9l\u00e9ments de module.<\/p>\n<ul>\n<li>Un module peut \u00eatre enseign\u00e9 dans une ou plusieurs langues.<\/li>\n<li>L\u2019\u00e9valuation doit obligatoirement se faire en pr\u00e9sentiel.<\/li>\n<li>Les projets de fin d&rsquo;\u00e9tude sont \u00e9valu\u00e9s sur la base d&rsquo;un m\u00e9moire et d\u2019une soutenance publique.<\/li>\n<li>Le Stage d&rsquo;immersion est obligatoire au cours du 5<sup>eme<\/sup> et du 6<sup>eme<\/sup> Il se d\u00e9roule dans les \u00e9tablissements scolaires partenaires et donne lieu \u00e0 des activit\u00e9s&nbsp;:<\/li>\n<li>d\u2019observation de classes&nbsp;;<\/li>\n<li>de prise en charge partielle des classes&nbsp;;<\/li>\n<li>de gestion administrative&nbsp;;<\/li>\n<li>de soutien \u00e9ducatif aux apprenants (soutien scolaire, vie scolaire, \u2026).<\/li>\n<\/ul>\n<p><a name=\"_TOC_250009\"><\/a><span style=\"color: #0000ff;\"><strong>Article 4. Validation ou acquisition d\u2019un module<\/strong><\/span><\/p>\n<p>Un module est acquis soit par validation soit par compensation :<\/p>\n<ul>\n<li>Un module est valid\u00e9 si la note globale est sup\u00e9rieure ou \u00e9gale \u00e0 10 sur 20<\/li>\n<li>Un module est acquis par compensation si la moyenne des notes obtenues dans les modules du semestre est au moins \u00e9gale \u00e0 10 sur 20 et si aucune note de l\u2019un de ces modules n\u2019est inf\u00e9rieure \u00e0 5 sur 20.<\/li>\n<\/ul>\n<p><strong>&nbsp;<\/strong><\/p>\n<p><strong><span style=\"color: #0000ff;\">Article 5. &nbsp;Absence &amp; assiduit\u00e9<\/span> <\/strong><\/p>\n<ul>\n<li>Toute absence pour cause de maladie doit \u00eatre justifi\u00e9e par un certificat m\u00e9dical adress\u00e9 au service de scolarit\u00e9 dans un d\u00e9lai ne d\u00e9passant pas 72 heures.<\/li>\n<li>Une absence non justifi\u00e9e sera s\u00e9v\u00e8rement sanctionn\u00e9e.<\/li>\n<li>Les absences justifi\u00e9es sont tol\u00e9r\u00e9es dans la limite de 15 heures. Au-del\u00e0, les absences seront comptabilis\u00e9es en heures non justifi\u00e9es quelques soient les motifs pr\u00e9sent\u00e9s.<\/li>\n<li>Tout retard qui d\u00e9passe <strong>15<\/strong> min aux heures fix\u00e9es dans les emplois du temps sera consid\u00e9r\u00e9 comme absence \u00e0 la s\u00e9ance.<\/li>\n<\/ul>\n<p><strong>&nbsp;<\/strong><\/p>\n<p><strong><span style=\"color: #0000ff;\">Article 6. Attestation d\u2019inscription<\/span> <\/strong><\/p>\n<p>L\u2019attestation d\u2019inscription est d\u00e9livr\u00e9e \u00e0 l\u2019\u00e9tudiant pour servir de preuve \u00e0 son inscription au titre d\u2019une ann\u00e9e universitaire.<\/p>\n<ul>\n<li>Tout \u00e9tudiant n\u2019ayant pas valid\u00e9 les \u00e9l\u00e9ments de module des deux semestres de l\u2019ann\u00e9e pr\u00e9c\u00e9dente ne peut pas avoir droit \u00e0 une attestation d\u2019inscription de l\u2019ann\u00e9e encours.<\/li>\n<li>L\u2019attestation d\u2019inscription est d\u00e9livr\u00e9e \u00e0 l\u2019\u00e9tudiant en un seul exemplaire<\/li>\n<\/ul>\n<p><a name=\"_TOC_250008\"><\/a><a name=\"_TOC_250007\"><\/a><\/p>\n<p><a name=\"_TOC_250006\"><\/a><span style=\"color: #0000ff;\"><strong>Article 7.<\/strong> <strong>R\u00e9inscription \u00e0 un module non valid\u00e9<\/strong><\/span><\/p>\n<p>L\u2019\u00e9tudiant peut se r\u00e9inscrire une fois \u00e0 un module non valid\u00e9. Il peut b\u00e9n\u00e9ficier d\u2019une d\u00e9rogation octroy\u00e9e par le Coordonnateur de la fili\u00e8re, pour une deuxi\u00e8me r\u00e9inscription. A titre exceptionnel, une troisi\u00e8me et derni\u00e8re r\u00e9inscription peut lui \u00eatre accord\u00e9e par le pr\u00e9sident de l&rsquo;universit\u00e9 d\u2019attache de la fili\u00e8re.<\/p>\n<p>Les modalit\u00e9s de r\u00e9inscription aux modules non valid\u00e9s sont adopt\u00e9es par le conseil de l\u2019universit\u00e9 et port\u00e9 \u00e0 la connaissance des \u00e9tudiants.<\/p>\n<p><a name=\"_TOC_250005\"><\/a><span style=\"color: #0000ff;\"><strong>Article 8. Comportement &amp; Discipline<\/strong><\/span><\/p>\n<p>Les objectifs \u00e9ducatifs et de formation de l\u2019ESEF imposent une certaine discipline&nbsp;:<\/p>\n<ul>\n<li>Respect des professeurs, corps administratif et les autres \u00e9tudiants au sein de l\u2019\u00e9cole<\/li>\n<li>Avoir un style vestimentaire adapt\u00e9 ainsi que l\u2019interdiction de porter la casquette, les \u00e9couteurs a l\u2019int\u00e9rieur des salles de cours.<\/li>\n<li>Il est recommand\u00e9 aux \u00e9tudiants de veiller \u00e0 la propret\u00e9 de l&rsquo;\u00e9tablissement, et de prot\u00e9ger l&rsquo;\u00e9quipement de l\u2019\u00e9cole.<\/li>\n<\/ul>\n<p><span style=\"color: #0000ff;\"><strong>Article 9. Sont cat\u00e9goriquement interdits<\/strong><\/span><\/p>\n<ul>\n<li>L&rsquo;introduction dans les locaux de l\u2019\u00e9cole de personnes \u00e9trang\u00e8res \u00e0 l&rsquo;Institut sauf des invit\u00e9s avec autorisation du directeur de l\u2019\u00e9cole.<\/li>\n<li>La production ou reproduction de documents n&rsquo;ayant pas un int\u00e9r\u00eat p\u00e9dagogique bien clair.<\/li>\n<li>La tenue de r\u00e9unions au sein de l\u2019\u00e9cole sans autorisation de la Direction.<\/li>\n<li>La d\u00e9tention d&rsquo;armes ou de tout engin dangereux, ainsi que la consommation de stup\u00e9fiants de toute nature.<\/li>\n<\/ul>\n<\/div>\n","protected":false},"excerpt":{"rendered":"<p>L\u2019\u00e9cole sup\u00e9rieur de l\u2019\u00e9ducation et de formation (ESEF) offre un cycle de formation d\u2019une licence en \u00e9ducation comprenant un ensemble coh\u00e9rent de modules ayant pour objectif de faire acqu\u00e9rir \u00e0 l\u2019\u00e9tudiant des connaissances, des aptitudes et des comp\u00e9tences adapt\u00e9es. La fili\u00e8re licence en \u00e9ducation s\u2019inscrit dans un cycle de six semestres organis\u00e9s en trois ann\u00e9es&#8230;<\/p>\n","protected":false},"author":3,"featured_media":0,"parent":0,"menu_order":0,"comment_status":"closed","ping_status":"closed","template":"","meta":{"footnotes":""},"class_list":["post-47","page","type-page","status-publish","hentry"],"_links":{"self":[{"href":"https:\/\/esef.uit.ac.ma\/index.php?rest_route=\/wp\/v2\/pages\/47","targetHints":{"allow":["GET"]}}],"collection":[{"href":"https:\/\/esef.uit.ac.ma\/index.php?rest_route=\/wp\/v2\/pages"}],"about":[{"href":"https:\/\/esef.uit.ac.ma\/index.php?rest_route=\/wp\/v2\/types\/page"}],"author":[{"embeddable":true,"href":"https:\/\/esef.uit.ac.ma\/index.php?rest_route=\/wp\/v2\/users\/3"}],"replies":[{"embeddable":true,"href":"https:\/\/esef.uit.ac.ma\/index.php?rest_route=%2Fwp%2Fv2%2Fcomments&post=47"}],"version-history":[{"count":14,"href":"https:\/\/esef.uit.ac.ma\/index.php?rest_route=\/wp\/v2\/pages\/47\/revisions"}],"predecessor-version":[{"id":1228,"href":"https:\/\/esef.uit.ac.ma\/index.php?rest_route=\/wp\/v2\/pages\/47\/revisions\/1228"}],"wp:attachment":[{"href":"https:\/\/esef.uit.ac.ma\/index.php?rest_route=%2Fwp%2Fv2%2Fmedia&parent=47"}],"curies":[{"name":"wp","href":"https:\/\/api.w.org\/{rel}","templated":true}]}}