{"id":46,"date":"2019-12-21T14:57:07","date_gmt":"2019-12-21T14:57:07","guid":{"rendered":"https:\/\/esef.uit.ac.ma\/?page_id=46"},"modified":"2020-10-19T10:24:39","modified_gmt":"2020-10-19T10:24:39","slug":"presentation","status":"publish","type":"page","link":"https:\/\/esef.uit.ac.ma\/?page_id=46","title":{"rendered":"Pr\u00e9sentation"},"content":{"rendered":"\n<h2 class=\"has-text-align-center wp-block-heading\"><strong>Pr\u00e9sentation de L\u2019Ecole Sup\u00e9rieure de l\u2019Education et de la\nFormation<\/strong><\/h2>\n\n\n\n<p class=\"has-text-align-center\"><\/p>\n\n\n<p>\u00a0<\/p>\n<h5 style=\"text-align: justify;\">L\u2019Ecole Sup\u00e9rieure de l\u2019\u00e9ducation et de la Formation forme des professionnelles et des professionnels de l\u2019intervention en \u00e9ducation. Elle se d\u00e9marque par une offre de formation diversifi\u00e9e, centr\u00e9e sur l\u2019excellence, l\u2019innovation et une r\u00e9ponse claire aux besoins de la soci\u00e9t\u00e9.<\/h5>\n<h5 style=\"text-align: justify;\">La mission de l\u2019Ecole est ax\u00e9e sur la formation initiale des futurs enseignants et continue de personnes travaillant dans le domaine de l\u2019\u00e9ducation. Ainsi, l\u2019Ecole se consacre \u00e0 la formation d\u2019enseignantes et d\u2019enseignants, de chercheuses et chercheurs, et d\u2019autres professionnelles et professionnels en enseignement, que ceux-ci interviennent en milieu scolaire ou dans d\u2019autres milieux de travail.<\/h5>\n<h5 style=\"text-align: justify;\">Les activit\u00e9s de formation autant que les activit\u00e9s de recherche ont pour but d\u2019\u00e9clairer les gestes professionnels en cause et de contribuer \u00e0 leur renouvellement, du point de vue des processus et des moyens mis en \u0153uvre dans l\u2019apprentissage de contenus, du d\u00e9veloppement des apprenants, de la formation des savoirs et des pratiques exerc\u00e9es en contexte professionnel.<\/h5>\n<h5 style=\"text-align: justify;\">Au-del\u00e0 de la formation des enseignantes et enseignants, les activit\u00e9s men\u00e9es au sein de l\u2019\u00e9cole, concourent \u00e0 l\u2019avancement des connaissances dans les diff\u00e9rents champs d\u2019\u00e9tudes li\u00e9s \u00e0 l\u2019enseignement et \u00e0 l\u2019apprentissage, tels que la didactique, la psychop\u00e9dagogie et la technologie \u00e9ducative.<\/h5>\n<h5 style=\"text-align: justify;\">De par sa mission, l\u2019\u00e9cole est appel\u00e9e \u00e0 se pencher sur les questions sociales affectant l\u2019actualit\u00e9 de l\u2019\u00e9ducation\u00a0: l\u2019\u00e9chec et le d\u00e9crochage scolaires, le d\u00e9veloppement de la comp\u00e9tence langagi\u00e8re, les ph\u00e9nom\u00e8nes de mondialisation et la formation internationale, la place grandissante des technologies de l\u2019information et de la communication et la complexification des modalit\u00e9s de formation.<\/h5>\n<h5 style=\"text-align: justify;\">Les actions des membres de L\u2019Ecole Sup\u00e9rieure de l&rsquo;Education et de la Formation sont bas\u00e9es sur les valeurs fondamentales suivantes\u00a0:<\/h5>\n<h5 style=\"text-align: justify;\">&#8211; Engagement<\/h5>\n<h5 style=\"text-align: justify;\">&#8211; Respect<\/h5>\n<h5 style=\"text-align: justify;\">&#8211; Collaboration<\/h5>\n<h5 style=\"text-align: justify;\">&#8211; R\u00e9ussite<\/h5>\n<h5 style=\"text-align: justify;\">&#8211; Innovation<\/h5>\n\n\n<p><\/p>\n","protected":false},"excerpt":{"rendered":"<p>Pr\u00e9sentation de L\u2019Ecole Sup\u00e9rieure de l\u2019Education et de la Formation \u00a0 L\u2019Ecole Sup\u00e9rieure de l\u2019\u00e9ducation et de la Formation forme des professionnelles et des professionnels de l\u2019intervention en \u00e9ducation. Elle se d\u00e9marque par une offre de formation diversifi\u00e9e, centr\u00e9e sur l\u2019excellence, l\u2019innovation et une r\u00e9ponse claire aux besoins de la soci\u00e9t\u00e9. La mission de l\u2019Ecole&#8230;<\/p>\n","protected":false},"author":3,"featured_media":0,"parent":0,"menu_order":0,"comment_status":"closed","ping_status":"closed","template":"","meta":{"footnotes":""},"class_list":["post-46","page","type-page","status-publish","hentry"],"_links":{"self":[{"href":"https:\/\/esef.uit.ac.ma\/index.php?rest_route=\/wp\/v2\/pages\/46","targetHints":{"allow":["GET"]}}],"collection":[{"href":"https:\/\/esef.uit.ac.ma\/index.php?rest_route=\/wp\/v2\/pages"}],"about":[{"href":"https:\/\/esef.uit.ac.ma\/index.php?rest_route=\/wp\/v2\/types\/page"}],"author":[{"embeddable":true,"href":"https:\/\/esef.uit.ac.ma\/index.php?rest_route=\/wp\/v2\/users\/3"}],"replies":[{"embeddable":true,"href":"https:\/\/esef.uit.ac.ma\/index.php?rest_route=%2Fwp%2Fv2%2Fcomments&post=46"}],"version-history":[{"count":17,"href":"https:\/\/esef.uit.ac.ma\/index.php?rest_route=\/wp\/v2\/pages\/46\/revisions"}],"predecessor-version":[{"id":2240,"href":"https:\/\/esef.uit.ac.ma\/index.php?rest_route=\/wp\/v2\/pages\/46\/revisions\/2240"}],"wp:attachment":[{"href":"https:\/\/esef.uit.ac.ma\/index.php?rest_route=%2Fwp%2Fv2%2Fmedia&parent=46"}],"curies":[{"name":"wp","href":"https:\/\/api.w.org\/{rel}","templated":true}]}}