{"id":211,"date":"2019-12-23T17:07:33","date_gmt":"2019-12-23T17:07:33","guid":{"rendered":"https:\/\/esef.uit.ac.ma\/?page_id=211"},"modified":"2020-04-13T17:05:40","modified_gmt":"2020-04-13T17:05:40","slug":"mathematique","status":"publish","type":"page","link":"https:\/\/esef.uit.ac.ma\/?page_id=211","title":{"rendered":"Math\u00e9matique"},"content":{"rendered":"<h3><strong><span style=\"color: #3366ff;\"><span style=\"color: #3366ff;\"><span style=\"font-size: 24.96px;\">Pr\u00e9sentation de la formation :&nbsp;<\/span><\/span><\/span><\/strong><\/h3>\n<h4 style=\"text-align: justify;\">L&rsquo;objectif principal de cette fili\u00e8re est la formation au m\u00e9tier de l\u2019enseignement des math\u00e9matiques. Il s\u2019agit de proposer aux \u00e9tudiants un programme riche et vari\u00e9 leur permettant d&rsquo;avoir de bonnes connaissances dans les deux disciplines et aussi d&rsquo;organiser ces connaissances pour les situer dans les perspectives des programmes scolaires ou des contenus universitaires. Pr\u00e9par\u00e9e et con\u00e7ue dans un but d&rsquo;insertion professionnel, cette formation a donc pour objectifs de :<\/h4>\n<h4 style=\"text-align: justify;\">&#8211; Am\u00e9liorer le niveau des connaissances et des comp\u00e9tences des \u00e9tudiants form\u00e9s,<\/h4>\n<h4 style=\"text-align: justify;\">&#8211; Promouvoir l\u2019excellence et valoriser le m\u00e9tier de l\u2019enseignement,<\/h4>\n<h4 style=\"text-align: justify;\">&#8211; Former de futurs candidats \u00e0 des concours leurs permettant d&rsquo;int\u00e9grer le m\u00e9tier de professeur des math\u00e9matiques dans le cycle du secondaire aussi bien pour le secteur public que priv\u00e9),<\/h4>\n<h4 style=\"text-align: justify;\">&#8211; Doter l\u2019\u00e9tudiant de comp\u00e9tences n\u00e9cessaires pour la poursuite d\u2019\u00e9tudes universitaires,<\/h4>\n<h4 style=\"text-align: justify;\">&#8211; Pr\u00e9parer les \u00e9tudiants pour la poursuite de leurs \u00e9tudes sup\u00e9rieures (Ing\u00e9nieur, Master, Doctorat).<\/h4>\n<h3 style=\"text-align: justify;\"><strong><span style=\"color: #3366ff;\">Comp\u00e9tence \u00e0 acqu\u00e9rir :<\/span><\/strong><\/h3>\n<h4 style=\"text-align: justify;\">Au terme de leur cursus, les \u00e9tudiants auront acquis les comp\u00e9tences g\u00e9n\u00e9rales et sp\u00e9cifiques leurs permettant d&rsquo;entamer une carri\u00e8re d&rsquo;enseignant en math\u00e9matiques dans les \u00e9tablissements d&rsquo;enseignement publiques ou priv\u00e9s :<\/h4>\n<h4 style=\"text-align: justify;\">&#8211; Comp\u00e9tences disciplinaires dans les domaines des math\u00e9matiques permettant la ma\u00eetrise des notions enseign\u00e9es dans les \u00e9tablissements d&rsquo;enseignements et permettant de s&rsquo;adapter aux \u00e9volutions des programmes d&rsquo;enseignement,<\/h4>\n<h4 style=\"text-align: justify;\">&#8211; Acquisition de comp\u00e9tences g\u00e9n\u00e9rales, en mati\u00e8re de connaissance du syst\u00e8me \u00e9ducatif et de ses principes,<\/h4>\n<h4 style=\"text-align: justify;\">&#8211; Connaissance des outils de documentation, et NTIC pour le m\u00e9tier de l\u2019\u00e9ducation,<\/h4>\n<h4 style=\"text-align: justify;\">&#8211; Comp\u00e9tences p\u00e9dagogiques et m\u00e9thodologiques, qui concernent l&rsquo;acquisition des capacit\u00e9s de pratique p\u00e9dagogique et didactique,<\/h4>\n<h4 style=\"text-align: justify;\">&#8211; Ma\u00eetrise des langues et l\u2019acquisition des capacit\u00e9s de communication et d&rsquo;ouverture sur l&rsquo;environnement socio-professionnel,<\/h4>\n<h4 style=\"text-align: justify;\">&#8211; Comp\u00e9tences relatives \u00e0 la recherche scientifique et \u00e9ducative.<\/h4>\n\n\n<div class=\"wp-block-image\"><figure class=\"aligncenter size-large is-resized\"><img fetchpriority=\"high\" decoding=\"async\" src=\"https:\/\/esef.uit.ac.ma\/wp-content\/uploads\/2019\/12\/math.png\" alt=\"\" class=\"wp-image-246\" width=\"844\" height=\"1139\" srcset=\"https:\/\/esef.uit.ac.ma\/wp-content\/uploads\/2019\/12\/math.png 602w, https:\/\/esef.uit.ac.ma\/wp-content\/uploads\/2019\/12\/math-222x300.png 222w, https:\/\/esef.uit.ac.ma\/wp-content\/uploads\/2019\/12\/math-580x783.png 580w\" sizes=\"(max-width: 844px) 100vw, 844px\" \/><\/figure><\/div>\n\n\n\n<p><\/p>\n","protected":false},"excerpt":{"rendered":"<p>Pr\u00e9sentation de la formation :&nbsp; L&rsquo;objectif principal de cette fili\u00e8re est la formation au m\u00e9tier de l\u2019enseignement des math\u00e9matiques. Il s\u2019agit de proposer aux \u00e9tudiants un programme riche et vari\u00e9 leur permettant d&rsquo;avoir de bonnes connaissances dans les deux disciplines et aussi d&rsquo;organiser ces connaissances pour les situer dans les perspectives des programmes scolaires ou&#8230;<\/p>\n","protected":false},"author":3,"featured_media":0,"parent":0,"menu_order":0,"comment_status":"closed","ping_status":"closed","template":"","meta":{"footnotes":""},"class_list":["post-211","page","type-page","status-publish","hentry"],"_links":{"self":[{"href":"https:\/\/esef.uit.ac.ma\/index.php?rest_route=\/wp\/v2\/pages\/211","targetHints":{"allow":["GET"]}}],"collection":[{"href":"https:\/\/esef.uit.ac.ma\/index.php?rest_route=\/wp\/v2\/pages"}],"about":[{"href":"https:\/\/esef.uit.ac.ma\/index.php?rest_route=\/wp\/v2\/types\/page"}],"author":[{"embeddable":true,"href":"https:\/\/esef.uit.ac.ma\/index.php?rest_route=\/wp\/v2\/users\/3"}],"replies":[{"embeddable":true,"href":"https:\/\/esef.uit.ac.ma\/index.php?rest_route=%2Fwp%2Fv2%2Fcomments&post=211"}],"version-history":[{"count":8,"href":"https:\/\/esef.uit.ac.ma\/index.php?rest_route=\/wp\/v2\/pages\/211\/revisions"}],"predecessor-version":[{"id":1104,"href":"https:\/\/esef.uit.ac.ma\/index.php?rest_route=\/wp\/v2\/pages\/211\/revisions\/1104"}],"wp:attachment":[{"href":"https:\/\/esef.uit.ac.ma\/index.php?rest_route=%2Fwp%2Fv2%2Fmedia&parent=211"}],"curies":[{"name":"wp","href":"https:\/\/api.w.org\/{rel}","templated":true}]}}