{"id":1869,"date":"2020-09-17T11:51:05","date_gmt":"2020-09-17T11:51:05","guid":{"rendered":"https:\/\/esef.uit.ac.ma\/?page_id=1869"},"modified":"2022-07-28T11:39:23","modified_gmt":"2022-07-28T11:39:23","slug":"licence-universitaire-specialise","status":"publish","type":"page","link":"https:\/\/esef.uit.ac.ma\/?page_id=1869","title":{"rendered":"LUS : Licence d&rsquo;Universit\u00e9 Sp\u00e9cialis\u00e9"},"content":{"rendered":"\t\t<div data-elementor-type=\"wp-page\" data-elementor-id=\"1869\" class=\"elementor elementor-1869\">\n\t\t\t\t\t\t<section class=\"elementor-section elementor-top-section elementor-element elementor-element-5c01660 elementor-section-boxed elementor-section-height-default elementor-section-height-default\" data-id=\"5c01660\" data-element_type=\"section\">\n\t\t\t\t\t\t<div class=\"elementor-container elementor-column-gap-default\">\n\t\t\t\t\t<div class=\"elementor-column elementor-col-100 elementor-top-column elementor-element elementor-element-123f76f\" data-id=\"123f76f\" data-element_type=\"column\">\n\t\t\t<div class=\"elementor-widget-wrap elementor-element-populated\">\n\t\t\t\t\t\t<div class=\"elementor-element elementor-element-bf2711d elementor-widget elementor-widget-heading\" data-id=\"bf2711d\" data-element_type=\"widget\" data-widget_type=\"heading.default\">\n\t\t\t\t<div class=\"elementor-widget-container\">\n\t\t\t\t\t<h2 class=\"elementor-heading-title elementor-size-default\">Licence d'Universit\u00e9 Sp\u00e9cialis\u00e9e (LUS) :<\/h2>\t\t\t\t<\/div>\n\t\t\t\t<\/div>\n\t\t\t\t\t<\/div>\n\t\t<\/div>\n\t\t\t\t\t<\/div>\n\t\t<\/section>\n\t\t\t\t<section class=\"elementor-section elementor-top-section elementor-element elementor-element-ce9f4e9 elementor-section-boxed elementor-section-height-default elementor-section-height-default\" data-id=\"ce9f4e9\" data-element_type=\"section\">\n\t\t\t\t\t\t<div class=\"elementor-container elementor-column-gap-default\">\n\t\t\t\t\t<div class=\"elementor-column elementor-col-33 elementor-top-column elementor-element elementor-element-f1a3dfa\" data-id=\"f1a3dfa\" data-element_type=\"column\">\n\t\t\t<div class=\"elementor-widget-wrap elementor-element-populated\">\n\t\t\t\t\t\t<div class=\"elementor-element elementor-element-11ff669 elementor-widget elementor-widget-image\" data-id=\"11ff669\" data-element_type=\"widget\" data-widget_type=\"image.default\">\n\t\t\t\t<div class=\"elementor-widget-container\">\n\t\t\t\t\t\t\t\t\t\t\t\t\t\t\t\t<a href=\"https:\/\/esef.uit.ac.ma\/wp-content\/uploads\/2021\/08\/manager-1.jpeg\">\n\t\t\t\t\t\t\t<img fetchpriority=\"high\" decoding=\"async\" width=\"786\" height=\"652\" src=\"https:\/\/esef.uit.ac.ma\/wp-content\/uploads\/2021\/10\/MFDC.png\" class=\"elementor-animation-grow attachment-full size-full wp-image-4336\" alt=\"\" srcset=\"https:\/\/esef.uit.ac.ma\/wp-content\/uploads\/2021\/10\/MFDC.png 786w, https:\/\/esef.uit.ac.ma\/wp-content\/uploads\/2021\/10\/MFDC-300x249.png 300w, https:\/\/esef.uit.ac.ma\/wp-content\/uploads\/2021\/10\/MFDC-768x637.png 768w, https:\/\/esef.uit.ac.ma\/wp-content\/uploads\/2021\/10\/MFDC-580x481.png 580w\" sizes=\"(max-width: 786px) 100vw, 786px\" \/>\t\t\t\t\t\t\t\t<\/a>\n\t\t\t\t\t\t\t\t\t\t\t\t\t\t\t<\/div>\n\t\t\t\t<\/div>\n\t\t\t\t\t<\/div>\n\t\t<\/div>\n\t\t\t\t<div class=\"elementor-column elementor-col-33 elementor-top-column elementor-element elementor-element-b9d363f\" data-id=\"b9d363f\" data-element_type=\"column\">\n\t\t\t<div class=\"elementor-widget-wrap elementor-element-populated\">\n\t\t\t\t\t\t<div class=\"elementor-element elementor-element-15f38fd elementor-widget elementor-widget-image\" data-id=\"15f38fd\" data-element_type=\"widget\" data-widget_type=\"image.default\">\n\t\t\t\t<div class=\"elementor-widget-container\">\n\t\t\t\t\t\t\t\t\t\t\t\t\t\t\t\t<a href=\"https:\/\/esef.uit.ac.ma\/wp-content\/uploads\/2021\/10\/WhatsApp-Image-2021-10-05-at-10.06.42.jpeg\">\n\t\t\t\t\t\t\t<img decoding=\"async\" width=\"782\" height=\"650\" src=\"https:\/\/esef.uit.ac.ma\/wp-content\/uploads\/2021\/10\/GEAES-1.png\" class=\"elementor-animation-grow attachment-full size-full wp-image-4337\" alt=\"\" srcset=\"https:\/\/esef.uit.ac.ma\/wp-content\/uploads\/2021\/10\/GEAES-1.png 782w, https:\/\/esef.uit.ac.ma\/wp-content\/uploads\/2021\/10\/GEAES-1-300x249.png 300w, https:\/\/esef.uit.ac.ma\/wp-content\/uploads\/2021\/10\/GEAES-1-768x638.png 768w, https:\/\/esef.uit.ac.ma\/wp-content\/uploads\/2021\/10\/GEAES-1-580x482.png 580w\" sizes=\"(max-width: 782px) 100vw, 782px\" \/>\t\t\t\t\t\t\t\t<\/a>\n\t\t\t\t\t\t\t\t\t\t\t\t\t\t\t<\/div>\n\t\t\t\t<\/div>\n\t\t\t\t\t<\/div>\n\t\t<\/div>\n\t\t\t\t<div class=\"elementor-column elementor-col-33 elementor-top-column elementor-element elementor-element-d525a86\" data-id=\"d525a86\" data-element_type=\"column\">\n\t\t\t<div class=\"elementor-widget-wrap elementor-element-populated\">\n\t\t\t\t\t\t<div class=\"elementor-element elementor-element-e3bbcbd elementor-widget elementor-widget-image\" data-id=\"e3bbcbd\" data-element_type=\"widget\" data-widget_type=\"image.default\">\n\t\t\t\t<div class=\"elementor-widget-container\">\n\t\t\t\t\t\t\t\t\t\t\t\t\t\t\t\t<a href=\"https:\/\/esef.uit.ac.ma\/wp-content\/uploads\/2022\/07\/296190162_171871252038301_6514808964829459154_n.jpg\">\n\t\t\t\t\t\t\t<img decoding=\"async\" width=\"563\" height=\"477\" src=\"https:\/\/esef.uit.ac.ma\/wp-content\/uploads\/2022\/07\/aide-pharmacien-1.png\" class=\"elementor-animation-grow attachment-full size-full wp-image-5464\" alt=\"\" srcset=\"https:\/\/esef.uit.ac.ma\/wp-content\/uploads\/2022\/07\/aide-pharmacien-1.png 563w, https:\/\/esef.uit.ac.ma\/wp-content\/uploads\/2022\/07\/aide-pharmacien-1-300x254.png 300w\" sizes=\"(max-width: 563px) 100vw, 563px\" \/>\t\t\t\t\t\t\t\t<\/a>\n\t\t\t\t\t\t\t\t\t\t\t\t\t\t\t<\/div>\n\t\t\t\t<\/div>\n\t\t\t\t\t<\/div>\n\t\t<\/div>\n\t\t\t\t\t<\/div>\n\t\t<\/section>\n\t\t\t\t<section class=\"elementor-section elementor-top-section elementor-element elementor-element-6e34efb elementor-section-boxed elementor-section-height-default elementor-section-height-default\" data-id=\"6e34efb\" data-element_type=\"section\">\n\t\t\t\t\t\t<div class=\"elementor-container elementor-column-gap-default\">\n\t\t\t\t\t<div class=\"elementor-column elementor-col-33 elementor-top-column elementor-element elementor-element-1591b59\" data-id=\"1591b59\" data-element_type=\"column\">\n\t\t\t<div class=\"elementor-widget-wrap elementor-element-populated\">\n\t\t\t\t\t\t<div class=\"elementor-element elementor-element-c385537 elementor-widget elementor-widget-image\" data-id=\"c385537\" data-element_type=\"widget\" data-widget_type=\"image.default\">\n\t\t\t\t<div class=\"elementor-widget-container\">\n\t\t\t\t\t\t\t\t\t\t\t\t\t\t\t\t<a href=\"https:\/\/esef.uit.ac.ma\/wp-content\/uploads\/2022\/07\/WhatsApp-Image-2022-07-28-at-10.48.39.jpeg\">\n\t\t\t\t\t\t\t<img loading=\"lazy\" decoding=\"async\" width=\"557\" height=\"476\" src=\"https:\/\/esef.uit.ac.ma\/wp-content\/uploads\/2022\/07\/Lus-techN-1.png\" class=\"elementor-animation-grow attachment-full size-full wp-image-5470\" alt=\"\" srcset=\"https:\/\/esef.uit.ac.ma\/wp-content\/uploads\/2022\/07\/Lus-techN-1.png 557w, https:\/\/esef.uit.ac.ma\/wp-content\/uploads\/2022\/07\/Lus-techN-1-300x256.png 300w\" sizes=\"(max-width: 557px) 100vw, 557px\" \/>\t\t\t\t\t\t\t\t<\/a>\n\t\t\t\t\t\t\t\t\t\t\t\t\t\t\t<\/div>\n\t\t\t\t<\/div>\n\t\t\t\t\t<\/div>\n\t\t<\/div>\n\t\t\t\t<div class=\"elementor-column elementor-col-33 elementor-top-column elementor-element elementor-element-bc6d7cd\" data-id=\"bc6d7cd\" data-element_type=\"column\">\n\t\t\t<div class=\"elementor-widget-wrap\">\n\t\t\t\t\t\t\t<\/div>\n\t\t<\/div>\n\t\t\t\t<div class=\"elementor-column elementor-col-33 elementor-top-column elementor-element elementor-element-27adbc4\" data-id=\"27adbc4\" data-element_type=\"column\">\n\t\t\t<div class=\"elementor-widget-wrap\">\n\t\t\t\t\t\t\t<\/div>\n\t\t<\/div>\n\t\t\t\t\t<\/div>\n\t\t<\/section>\n\t\t\t\t<\/div>\n\t\t","protected":false},"excerpt":{"rendered":"<p>Licence d&rsquo;Universit\u00e9 Sp\u00e9cialis\u00e9e (LUS) :<\/p>\n","protected":false},"author":1,"featured_media":0,"parent":0,"menu_order":0,"comment_status":"closed","ping_status":"closed","template":"","meta":{"footnotes":""},"class_list":["post-1869","page","type-page","status-publish","hentry"],"_links":{"self":[{"href":"https:\/\/esef.uit.ac.ma\/index.php?rest_route=\/wp\/v2\/pages\/1869","targetHints":{"allow":["GET"]}}],"collection":[{"href":"https:\/\/esef.uit.ac.ma\/index.php?rest_route=\/wp\/v2\/pages"}],"about":[{"href":"https:\/\/esef.uit.ac.ma\/index.php?rest_route=\/wp\/v2\/types\/page"}],"author":[{"embeddable":true,"href":"https:\/\/esef.uit.ac.ma\/index.php?rest_route=\/wp\/v2\/users\/1"}],"replies":[{"embeddable":true,"href":"https:\/\/esef.uit.ac.ma\/index.php?rest_route=%2Fwp%2Fv2%2Fcomments&post=1869"}],"version-history":[{"count":40,"href":"https:\/\/esef.uit.ac.ma\/index.php?rest_route=\/wp\/v2\/pages\/1869\/revisions"}],"predecessor-version":[{"id":5481,"href":"https:\/\/esef.uit.ac.ma\/index.php?rest_route=\/wp\/v2\/pages\/1869\/revisions\/5481"}],"wp:attachment":[{"href":"https:\/\/esef.uit.ac.ma\/index.php?rest_route=%2Fwp%2Fv2%2Fmedia&parent=1869"}],"curies":[{"name":"wp","href":"https:\/\/api.w.org\/{rel}","templated":true}]}}