{"id":131,"date":"2019-12-21T15:56:27","date_gmt":"2019-12-21T15:56:27","guid":{"rendered":"https:\/\/esef.uit.ac.ma\/?page_id=131"},"modified":"2021-11-17T14:30:48","modified_gmt":"2021-11-17T14:30:48","slug":"bds","status":"publish","type":"page","link":"https:\/\/esef.uit.ac.ma\/?page_id=131","title":{"rendered":"BDS"},"content":{"rendered":"\n<h2 class=\"has-text-align-center wp-block-heading\">CLUB DES SPORTS<\/h2>\n\n\n\n<div class=\"wp-block-group\"><div class=\"wp-block-group__inner-container is-layout-flow wp-block-group-is-layout-flow\">\n<div class=\"wp-block-media-text alignwide\" style=\"grid-template-columns:33% auto\"><figure class=\"wp-block-media-text__media\"><img fetchpriority=\"high\" decoding=\"async\" width=\"640\" height=\"640\" src=\"https:\/\/esef.uit.ac.ma\/wp-content\/uploads\/2020\/03\/photo-1.jpg\" alt=\"\" class=\"wp-image-843 size-full\" srcset=\"https:\/\/esef.uit.ac.ma\/wp-content\/uploads\/2020\/03\/photo-1.jpg 640w, https:\/\/esef.uit.ac.ma\/wp-content\/uploads\/2020\/03\/photo-1-300x300.jpg 300w, https:\/\/esef.uit.ac.ma\/wp-content\/uploads\/2020\/03\/photo-1-150x150.jpg 150w, https:\/\/esef.uit.ac.ma\/wp-content\/uploads\/2020\/03\/photo-1-65x65.jpg 65w, https:\/\/esef.uit.ac.ma\/wp-content\/uploads\/2020\/03\/photo-1-500x500.jpg 500w, https:\/\/esef.uit.ac.ma\/wp-content\/uploads\/2020\/03\/photo-1-580x580.jpg 580w\" sizes=\"(max-width: 640px) 100vw, 640px\" \/><\/figure><div class=\"wp-block-media-text__content\">\n<h4 class=\"wp-block-heading\">Partant du principe que l\u2019esprit sain dans un corps sain. Le CDS de l\u2019ESEF int\u00e8gre un programme riche des activit\u00e9s sportives r\u00e9parti sur l\u2019ann\u00e9e universitaire. Ces activit\u00e9s visent \u00e0 d\u00e9velopper chez l\u2019\u00e9tudiant la rigueur, le d\u00e9passement de soi et l\u2019esprit d\u2019\u00e9quipe ; des qualit\u00e9s indispensables \u00e0 l&rsquo;\u00e9panouissement d\u2019un professeur de demain.<\/h4>\n<\/div><\/div>\n<\/div><\/div>\n\n\n\n<hr class=\"wp-block-separator is-style-wide\"\/>\n\n\n<h4 style=\"text-align: center;\"><strong><span style=\"color: #3366ff;\">Finale du tournoi de Minifoot et Basket ball organis\u00e9 par l\u2019ESEF : Vendredi 6 Mars a 12h30 Au terrain du cit\u00e9 universitaire chaabi<\/span><\/strong><\/h4>\n\n\n<div class=\"wp-block-glsb-gosign-gallery-box-block gosign-gallery-box-block-container\"><div class=\"gosign-gallery-box-block\" data-slick=\"{&quot;slidesToShow&quot;:1,&quot;slidesToScroll&quot;:1,&quot;arrows&quot;:true,&quot;dots&quot;:false,&quot;speed&quot;:500,&quot;infinite&quot;:false,&quot;autoplay&quot;:false,&quot;autoplaySpeed&quot;:2000}\"><div class=\"gallery-box-item\"><img decoding=\"async\" width=\"1024\" height=\"768\" src=\"https:\/\/esef.uit.ac.ma\/wp-content\/uploads\/2020\/03\/WhatsApp-Image-2020-02-21-at-17.39.53-1024x768.jpeg\" alt=\"\" data-id=\"831\" data-link=\"https:\/\/esef.uit.ac.ma\/cdc\/whatsapp-image-2020-02-21-at-17-39-53\/\" class=\"wp-image-831\" srcset=\"https:\/\/esef.uit.ac.ma\/wp-content\/uploads\/2020\/03\/WhatsApp-Image-2020-02-21-at-17.39.53-1024x768.jpeg 1024w, https:\/\/esef.uit.ac.ma\/wp-content\/uploads\/2020\/03\/WhatsApp-Image-2020-02-21-at-17.39.53-300x225.jpeg 300w, https:\/\/esef.uit.ac.ma\/wp-content\/uploads\/2020\/03\/WhatsApp-Image-2020-02-21-at-17.39.53-768x576.jpeg 768w, https:\/\/esef.uit.ac.ma\/wp-content\/uploads\/2020\/03\/WhatsApp-Image-2020-02-21-at-17.39.53-580x435.jpeg 580w, https:\/\/esef.uit.ac.ma\/wp-content\/uploads\/2020\/03\/WhatsApp-Image-2020-02-21-at-17.39.53-860x645.jpeg 860w, https:\/\/esef.uit.ac.ma\/wp-content\/uploads\/2020\/03\/WhatsApp-Image-2020-02-21-at-17.39.53-1160x870.jpeg 1160w, https:\/\/esef.uit.ac.ma\/wp-content\/uploads\/2020\/03\/WhatsApp-Image-2020-02-21-at-17.39.53.jpeg 1280w\" sizes=\"(max-width: 1024px) 100vw, 1024px\" \/><\/div><div class=\"gallery-box-item\"><img decoding=\"async\" width=\"1024\" height=\"768\" src=\"https:\/\/esef.uit.ac.ma\/wp-content\/uploads\/2020\/03\/WhatsApp-Image-2020-02-21-at-17.39.56-1-1024x768.jpeg\" alt=\"\" data-id=\"832\" data-link=\"https:\/\/esef.uit.ac.ma\/cdc\/whatsapp-image-2020-02-21-at-17-39-56-1\/\" class=\"wp-image-832\" srcset=\"https:\/\/esef.uit.ac.ma\/wp-content\/uploads\/2020\/03\/WhatsApp-Image-2020-02-21-at-17.39.56-1-1024x768.jpeg 1024w, https:\/\/esef.uit.ac.ma\/wp-content\/uploads\/2020\/03\/WhatsApp-Image-2020-02-21-at-17.39.56-1-300x225.jpeg 300w, https:\/\/esef.uit.ac.ma\/wp-content\/uploads\/2020\/03\/WhatsApp-Image-2020-02-21-at-17.39.56-1-768x576.jpeg 768w, https:\/\/esef.uit.ac.ma\/wp-content\/uploads\/2020\/03\/WhatsApp-Image-2020-02-21-at-17.39.56-1-580x435.jpeg 580w, https:\/\/esef.uit.ac.ma\/wp-content\/uploads\/2020\/03\/WhatsApp-Image-2020-02-21-at-17.39.56-1-860x645.jpeg 860w, https:\/\/esef.uit.ac.ma\/wp-content\/uploads\/2020\/03\/WhatsApp-Image-2020-02-21-at-17.39.56-1-1160x870.jpeg 1160w, https:\/\/esef.uit.ac.ma\/wp-content\/uploads\/2020\/03\/WhatsApp-Image-2020-02-21-at-17.39.56-1.jpeg 1280w\" sizes=\"(max-width: 1024px) 100vw, 1024px\" \/><\/div><div class=\"gallery-box-item\"><img loading=\"lazy\" decoding=\"async\" width=\"1024\" height=\"768\" src=\"https:\/\/esef.uit.ac.ma\/wp-content\/uploads\/2020\/03\/WhatsApp-Image-2020-02-21-at-17.39.56-1024x768.jpeg\" alt=\"\" data-id=\"833\" data-link=\"https:\/\/esef.uit.ac.ma\/cdc\/whatsapp-image-2020-02-21-at-17-39-56\/\" class=\"wp-image-833\" srcset=\"https:\/\/esef.uit.ac.ma\/wp-content\/uploads\/2020\/03\/WhatsApp-Image-2020-02-21-at-17.39.56-1024x768.jpeg 1024w, https:\/\/esef.uit.ac.ma\/wp-content\/uploads\/2020\/03\/WhatsApp-Image-2020-02-21-at-17.39.56-300x225.jpeg 300w, https:\/\/esef.uit.ac.ma\/wp-content\/uploads\/2020\/03\/WhatsApp-Image-2020-02-21-at-17.39.56-768x576.jpeg 768w, https:\/\/esef.uit.ac.ma\/wp-content\/uploads\/2020\/03\/WhatsApp-Image-2020-02-21-at-17.39.56-580x435.jpeg 580w, https:\/\/esef.uit.ac.ma\/wp-content\/uploads\/2020\/03\/WhatsApp-Image-2020-02-21-at-17.39.56-860x645.jpeg 860w, https:\/\/esef.uit.ac.ma\/wp-content\/uploads\/2020\/03\/WhatsApp-Image-2020-02-21-at-17.39.56-1160x870.jpeg 1160w, https:\/\/esef.uit.ac.ma\/wp-content\/uploads\/2020\/03\/WhatsApp-Image-2020-02-21-at-17.39.56.jpeg 1280w\" sizes=\"(max-width: 1024px) 100vw, 1024px\" \/><\/div><div class=\"gallery-box-item\"><img loading=\"lazy\" decoding=\"async\" width=\"1024\" height=\"768\" src=\"https:\/\/esef.uit.ac.ma\/wp-content\/uploads\/2020\/03\/WhatsApp-Image-2020-02-21-at-17.45.36-1024x768.jpeg\" alt=\"\" data-id=\"834\" data-link=\"https:\/\/esef.uit.ac.ma\/cdc\/whatsapp-image-2020-02-21-at-17-45-36\/\" class=\"wp-image-834\" srcset=\"https:\/\/esef.uit.ac.ma\/wp-content\/uploads\/2020\/03\/WhatsApp-Image-2020-02-21-at-17.45.36-1024x768.jpeg 1024w, https:\/\/esef.uit.ac.ma\/wp-content\/uploads\/2020\/03\/WhatsApp-Image-2020-02-21-at-17.45.36-300x225.jpeg 300w, https:\/\/esef.uit.ac.ma\/wp-content\/uploads\/2020\/03\/WhatsApp-Image-2020-02-21-at-17.45.36-768x576.jpeg 768w, https:\/\/esef.uit.ac.ma\/wp-content\/uploads\/2020\/03\/WhatsApp-Image-2020-02-21-at-17.45.36-580x435.jpeg 580w, https:\/\/esef.uit.ac.ma\/wp-content\/uploads\/2020\/03\/WhatsApp-Image-2020-02-21-at-17.45.36-860x645.jpeg 860w, https:\/\/esef.uit.ac.ma\/wp-content\/uploads\/2020\/03\/WhatsApp-Image-2020-02-21-at-17.45.36-1160x870.jpeg 1160w, https:\/\/esef.uit.ac.ma\/wp-content\/uploads\/2020\/03\/WhatsApp-Image-2020-02-21-at-17.45.36.jpeg 1280w\" sizes=\"(max-width: 1024px) 100vw, 1024px\" \/><\/div><\/div><div class=\"gosign-gallery-box-thumbnail\" data-slick=\"{&quot;slidesToShow&quot;:3,&quot;slidesToScroll&quot;:1,&quot;arrows&quot;:true,&quot;dots&quot;:false,&quot;infinite&quot;:false,&quot;autoplay&quot;:false,&quot;autoplaySpeed&quot;:2000,&quot;asNavFor&quot;:&quot;.gosign-gallery-box-block&quot;,&quot;focusOnSelect&quot;:true,&quot;variableWidth&quot;:true}\"><div class=\"gallery-thumbnail-item\"><img decoding=\"async\" width=\"1024\" height=\"768\" src=\"https:\/\/esef.uit.ac.ma\/wp-content\/uploads\/2020\/03\/WhatsApp-Image-2020-02-21-at-17.39.53-1024x768.jpeg\" alt=\"\" data-id=\"831\" data-link=\"https:\/\/esef.uit.ac.ma\/cdc\/whatsapp-image-2020-02-21-at-17-39-53\/\" class=\"wp-image-831\" srcset=\"https:\/\/esef.uit.ac.ma\/wp-content\/uploads\/2020\/03\/WhatsApp-Image-2020-02-21-at-17.39.53-1024x768.jpeg 1024w, https:\/\/esef.uit.ac.ma\/wp-content\/uploads\/2020\/03\/WhatsApp-Image-2020-02-21-at-17.39.53-300x225.jpeg 300w, https:\/\/esef.uit.ac.ma\/wp-content\/uploads\/2020\/03\/WhatsApp-Image-2020-02-21-at-17.39.53-768x576.jpeg 768w, https:\/\/esef.uit.ac.ma\/wp-content\/uploads\/2020\/03\/WhatsApp-Image-2020-02-21-at-17.39.53-580x435.jpeg 580w, https:\/\/esef.uit.ac.ma\/wp-content\/uploads\/2020\/03\/WhatsApp-Image-2020-02-21-at-17.39.53-860x645.jpeg 860w, https:\/\/esef.uit.ac.ma\/wp-content\/uploads\/2020\/03\/WhatsApp-Image-2020-02-21-at-17.39.53-1160x870.jpeg 1160w, https:\/\/esef.uit.ac.ma\/wp-content\/uploads\/2020\/03\/WhatsApp-Image-2020-02-21-at-17.39.53.jpeg 1280w\" sizes=\"(max-width: 1024px) 100vw, 1024px\" \/><\/div><div class=\"gallery-thumbnail-item\"><img decoding=\"async\" width=\"1024\" height=\"768\" src=\"https:\/\/esef.uit.ac.ma\/wp-content\/uploads\/2020\/03\/WhatsApp-Image-2020-02-21-at-17.39.56-1-1024x768.jpeg\" alt=\"\" data-id=\"832\" data-link=\"https:\/\/esef.uit.ac.ma\/cdc\/whatsapp-image-2020-02-21-at-17-39-56-1\/\" class=\"wp-image-832\" srcset=\"https:\/\/esef.uit.ac.ma\/wp-content\/uploads\/2020\/03\/WhatsApp-Image-2020-02-21-at-17.39.56-1-1024x768.jpeg 1024w, https:\/\/esef.uit.ac.ma\/wp-content\/uploads\/2020\/03\/WhatsApp-Image-2020-02-21-at-17.39.56-1-300x225.jpeg 300w, https:\/\/esef.uit.ac.ma\/wp-content\/uploads\/2020\/03\/WhatsApp-Image-2020-02-21-at-17.39.56-1-768x576.jpeg 768w, https:\/\/esef.uit.ac.ma\/wp-content\/uploads\/2020\/03\/WhatsApp-Image-2020-02-21-at-17.39.56-1-580x435.jpeg 580w, https:\/\/esef.uit.ac.ma\/wp-content\/uploads\/2020\/03\/WhatsApp-Image-2020-02-21-at-17.39.56-1-860x645.jpeg 860w, https:\/\/esef.uit.ac.ma\/wp-content\/uploads\/2020\/03\/WhatsApp-Image-2020-02-21-at-17.39.56-1-1160x870.jpeg 1160w, https:\/\/esef.uit.ac.ma\/wp-content\/uploads\/2020\/03\/WhatsApp-Image-2020-02-21-at-17.39.56-1.jpeg 1280w\" sizes=\"(max-width: 1024px) 100vw, 1024px\" \/><\/div><div class=\"gallery-thumbnail-item\"><img loading=\"lazy\" decoding=\"async\" width=\"1024\" height=\"768\" src=\"https:\/\/esef.uit.ac.ma\/wp-content\/uploads\/2020\/03\/WhatsApp-Image-2020-02-21-at-17.39.56-1024x768.jpeg\" alt=\"\" data-id=\"833\" data-link=\"https:\/\/esef.uit.ac.ma\/cdc\/whatsapp-image-2020-02-21-at-17-39-56\/\" class=\"wp-image-833\" srcset=\"https:\/\/esef.uit.ac.ma\/wp-content\/uploads\/2020\/03\/WhatsApp-Image-2020-02-21-at-17.39.56-1024x768.jpeg 1024w, https:\/\/esef.uit.ac.ma\/wp-content\/uploads\/2020\/03\/WhatsApp-Image-2020-02-21-at-17.39.56-300x225.jpeg 300w, https:\/\/esef.uit.ac.ma\/wp-content\/uploads\/2020\/03\/WhatsApp-Image-2020-02-21-at-17.39.56-768x576.jpeg 768w, https:\/\/esef.uit.ac.ma\/wp-content\/uploads\/2020\/03\/WhatsApp-Image-2020-02-21-at-17.39.56-580x435.jpeg 580w, https:\/\/esef.uit.ac.ma\/wp-content\/uploads\/2020\/03\/WhatsApp-Image-2020-02-21-at-17.39.56-860x645.jpeg 860w, https:\/\/esef.uit.ac.ma\/wp-content\/uploads\/2020\/03\/WhatsApp-Image-2020-02-21-at-17.39.56-1160x870.jpeg 1160w, https:\/\/esef.uit.ac.ma\/wp-content\/uploads\/2020\/03\/WhatsApp-Image-2020-02-21-at-17.39.56.jpeg 1280w\" sizes=\"(max-width: 1024px) 100vw, 1024px\" \/><\/div><div class=\"gallery-thumbnail-item\"><img loading=\"lazy\" decoding=\"async\" width=\"1024\" height=\"768\" src=\"https:\/\/esef.uit.ac.ma\/wp-content\/uploads\/2020\/03\/WhatsApp-Image-2020-02-21-at-17.45.36-1024x768.jpeg\" alt=\"\" data-id=\"834\" data-link=\"https:\/\/esef.uit.ac.ma\/cdc\/whatsapp-image-2020-02-21-at-17-45-36\/\" class=\"wp-image-834\" srcset=\"https:\/\/esef.uit.ac.ma\/wp-content\/uploads\/2020\/03\/WhatsApp-Image-2020-02-21-at-17.45.36-1024x768.jpeg 1024w, https:\/\/esef.uit.ac.ma\/wp-content\/uploads\/2020\/03\/WhatsApp-Image-2020-02-21-at-17.45.36-300x225.jpeg 300w, https:\/\/esef.uit.ac.ma\/wp-content\/uploads\/2020\/03\/WhatsApp-Image-2020-02-21-at-17.45.36-768x576.jpeg 768w, https:\/\/esef.uit.ac.ma\/wp-content\/uploads\/2020\/03\/WhatsApp-Image-2020-02-21-at-17.45.36-580x435.jpeg 580w, https:\/\/esef.uit.ac.ma\/wp-content\/uploads\/2020\/03\/WhatsApp-Image-2020-02-21-at-17.45.36-860x645.jpeg 860w, https:\/\/esef.uit.ac.ma\/wp-content\/uploads\/2020\/03\/WhatsApp-Image-2020-02-21-at-17.45.36-1160x870.jpeg 1160w, https:\/\/esef.uit.ac.ma\/wp-content\/uploads\/2020\/03\/WhatsApp-Image-2020-02-21-at-17.45.36.jpeg 1280w\" sizes=\"(max-width: 1024px) 100vw, 1024px\" \/><\/div><\/div><\/div>\n\n\n\n<hr class=\"wp-block-separator is-style-wide\"\/>\n","protected":false},"excerpt":{"rendered":"<p>CLUB DES SPORTS Partant du principe que l\u2019esprit sain dans un corps sain. Le CDS de l\u2019ESEF int\u00e8gre un programme riche des activit\u00e9s sportives r\u00e9parti sur l\u2019ann\u00e9e universitaire. Ces activit\u00e9s visent \u00e0 d\u00e9velopper chez l\u2019\u00e9tudiant la rigueur, le d\u00e9passement de soi et l\u2019esprit d\u2019\u00e9quipe ; des qualit\u00e9s indispensables \u00e0 l&rsquo;\u00e9panouissement d\u2019un professeur de demain. Finale&#8230;<\/p>\n","protected":false},"author":3,"featured_media":0,"parent":0,"menu_order":0,"comment_status":"closed","ping_status":"closed","template":"","meta":{"footnotes":""},"class_list":["post-131","page","type-page","status-publish","hentry"],"_links":{"self":[{"href":"https:\/\/esef.uit.ac.ma\/index.php?rest_route=\/wp\/v2\/pages\/131","targetHints":{"allow":["GET"]}}],"collection":[{"href":"https:\/\/esef.uit.ac.ma\/index.php?rest_route=\/wp\/v2\/pages"}],"about":[{"href":"https:\/\/esef.uit.ac.ma\/index.php?rest_route=\/wp\/v2\/types\/page"}],"author":[{"embeddable":true,"href":"https:\/\/esef.uit.ac.ma\/index.php?rest_route=\/wp\/v2\/users\/3"}],"replies":[{"embeddable":true,"href":"https:\/\/esef.uit.ac.ma\/index.php?rest_route=%2Fwp%2Fv2%2Fcomments&post=131"}],"version-history":[{"count":18,"href":"https:\/\/esef.uit.ac.ma\/index.php?rest_route=\/wp\/v2\/pages\/131\/revisions"}],"predecessor-version":[{"id":4455,"href":"https:\/\/esef.uit.ac.ma\/index.php?rest_route=\/wp\/v2\/pages\/131\/revisions\/4455"}],"wp:attachment":[{"href":"https:\/\/esef.uit.ac.ma\/index.php?rest_route=%2Fwp%2Fv2%2Fmedia&parent=131"}],"curies":[{"name":"wp","href":"https:\/\/api.w.org\/{rel}","templated":true}]}}